{"id":3,"date":"2019-07-04T15:10:21","date_gmt":"2019-07-04T13:10:21","guid":{"rendered":"https:\/\/www.tmuizeke.be\/1.7\/grillmoments\/?page_id=3"},"modified":"2022-05-31T22:41:56","modified_gmt":"2022-05-31T20:41:56","slug":"privacy","status":"publish","type":"page","link":"https:\/\/www.grillmoments.be\/fr\/privacy\/","title":{"rendered":"Politique de confidentialit\u00e9"},"content":{"rendered":"<div data-elementor-type=\"wp-page\" data-elementor-id=\"3\" class=\"elementor elementor-3\">\n\t\t\t\t\t\t<section class=\"elementor-section elementor-top-section elementor-element elementor-element-1286337 elementor-section-boxed elementor-section-height-default elementor-section-height-default\" data-id=\"1286337\" data-element_type=\"section\">\n\t\t\t\t\t\t<div class=\"elementor-container elementor-column-gap-default\">\n\t\t\t\t\t<div class=\"elementor-column elementor-col-100 elementor-top-column elementor-element elementor-element-6d526718\" data-id=\"6d526718\" data-element_type=\"column\">\n\t\t\t<div class=\"elementor-widget-wrap elementor-element-populated\">\n\t\t\t\t\t\t<div class=\"elementor-element elementor-element-3abf072 elementor-widget elementor-widget-text-editor\" data-id=\"3abf072\" data-element_type=\"widget\" data-widget_type=\"text-editor.default\">\n\t\t\t\t<div class=\"elementor-widget-container\">\n\t\t\t\t\t\t\t<!-- wp:heading -->\n<h2>Qui sommes-nous ?<\/h2>\n<!-- \/wp:heading --><!-- wp:paragraph -->\n<p>L'adresse de notre site web est la suivante : https:\/\/www.grillmoments.be<\/p>\n<!-- \/wp:paragraph --><!-- wp:paragraph -->\n<p>Moments d'enfance<br \/>Ijsbergstraat 2<br \/>1703 Dilbeek (Schepdaal)<\/p>\n<!-- \/wp:paragraph --><!-- wp:paragraph -->\n<p>BE 0539.873.294<\/p>\n<!-- \/wp:paragraph --><!-- wp:heading -->\n<h2>Quelles sont les donn\u00e9es \u00e0 caract\u00e8re personnel que nous recueillons et pourquoi nous les recueillons ?<\/h2>\n<!-- \/wp:heading --><!-- wp:heading {\"level\":3} -->\n<h3>Commentaires<\/h3>\n<!-- \/wp:heading --><!-- wp:paragraph -->\n<p>Lorsque les visiteurs laissent des commentaires sur le site, nous collectons les donn\u00e9es figurant dans le formulaire de commentaire, l'adresse IP du visiteur et l'agent utilisateur du navigateur afin de lutter contre le spam.<\/p>\n<!-- \/wp:paragraph --><!-- wp:heading {\"level\":3} -->\n<h3>Formulaires de contact<\/h3>\n<!-- \/wp:heading --><!-- wp:heading {\"level\":3} -->\n<h3>Cookies<\/h3>\n<!-- \/wp:heading --><!-- wp:paragraph -->\n<p>Lorsque vous laissez un commentaire sur notre site, nous enregistrons votre nom, votre adresse \u00e9lectronique et votre site web dans un cookie. Nous le faisons pour votre commodit\u00e9, afin que vous n'ayez pas \u00e0 saisir \u00e0 nouveau ces informations pour un nouveau commentaire. Ces cookies sont valables pendant un an.<\/p>\n<!-- \/wp:paragraph --><!-- wp:paragraph -->\n<p>Si vous avez un compte et que vous vous connectez \u00e0 ce site web, nous stockons un cookie temporaire pour d\u00e9terminer si votre navigateur accepte les cookies. Ce cookie ne contient aucune donn\u00e9e personnelle et est supprim\u00e9 d\u00e8s que vous fermez votre navigateur.<\/p>\n<!-- \/wp:paragraph --><!-- wp:paragraph -->\n<p>Lorsque vous vous connectez, nous stockons certains cookies li\u00e9s \u00e0 vos informations de connexion et aux options d'affichage de l'\u00e9cran. Les cookies de connexion sont valables pendant deux jours et les cookies relatifs aux options d'affichage de l'\u00e9cran sont valables pendant un an. Si vous s\u00e9lectionnez \"Se souvenir de moi\", vos informations de connexion seront stock\u00e9es pendant 2 semaines. Lorsque vous vous d\u00e9connectez de votre compte, les cookies de connexion sont supprim\u00e9s.<\/p>\n<!-- \/wp:paragraph --><!-- wp:heading {\"level\":3} -->\n<h3>Contenu int\u00e9gr\u00e9 d'autres sites web<\/h3>\n<!-- \/wp:heading --><!-- wp:paragraph -->\n<p>Les articles publi\u00e9s sur ce site web peuvent contenir du contenu int\u00e9gr\u00e9. Par exemple, des vid\u00e9os, des images, des messages, etc. Le contenu int\u00e9gr\u00e9 provenant d'autres sites web se comporte exactement comme si le visiteur avait visit\u00e9 cet autre site web.<\/p>\n<!-- \/wp:paragraph --><!-- wp:paragraph -->\n<p>Ces sites web peuvent collecter des donn\u00e9es vous concernant, utiliser des cookies, int\u00e9grer un suivi par des tiers et surveiller votre interaction avec ce contenu int\u00e9gr\u00e9, y compris l'interaction avec le contenu int\u00e9gr\u00e9 si vous avez un compte et que vous \u00eates connect\u00e9 \u00e0 ce site web.<\/p>\n<!-- \/wp:paragraph --><!-- wp:heading {\"level\":3} -->\n<h3>Analyse<\/h3>\n<!-- \/wp:heading --><!-- wp:heading -->\n<p>Grillmoments utilise des cookies non fonctionnels \u00e0 des fins statistiques et commerciales. Par exemple, VSA utilise des cookies Google Analytics \u00e0 des fins d'analyse afin de collecter des informations sur la mani\u00e8re dont vous, en tant qu'utilisateur, interagissez avec notre site web. Il s'agit notamment des pages que vous visitez le plus souvent, de votre activit\u00e9 sur notre site web et de la fr\u00e9quence \u00e0 laquelle vous revenez sur notre site web. Ces informations sont utilis\u00e9es et analys\u00e9es (\u00e0 l'aide de Google Analytics) afin d'am\u00e9liorer notre site web et votre exp\u00e9rience de navigation. Plus pr\u00e9cis\u00e9ment, des analyses statistiques sont effectu\u00e9es sur les informations que nous recevons de cette mani\u00e8re. Ces r\u00e9sultats statistiques nous permettent d'am\u00e9liorer la structure, la navigation et le contenu de notre site web et des services associ\u00e9s. Votre consentement au placement de ces cookies est donn\u00e9 en cliquant sur le bouton \"accepter les cookies\" mentionn\u00e9 sur notre site web.\u00a0<\/p>\n<!-- \/wp:heading --><!-- wp:heading -->\n<h2>Dur\u00e9e de conservation des donn\u00e9es<\/h2>\n<!-- \/wp:heading --><!-- wp:paragraph -->\n<p>Lorsque vous laissez un commentaire, ce commentaire et ses m\u00e9tadonn\u00e9es sont stock\u00e9s pour toujours. De cette mani\u00e8re, nous pouvons reconna\u00eetre et approuver automatiquement les commentaires suivants, sans avoir \u00e0 les mod\u00e9rer.<\/p>\n<!-- \/wp:paragraph --><!-- wp:paragraph -->\n<p>Pour les utilisateurs qui s'inscrivent sur notre site web (le cas \u00e9ch\u00e9ant), nous stockons \u00e9galement des informations personnelles dans leur profil d'utilisateur. Tous les utilisateurs peuvent consulter, modifier ou supprimer leurs informations personnelles \u00e0 tout moment (seul le nom d'utilisateur ne peut \u00eatre modifi\u00e9). Les administrateurs du site web peuvent \u00e9galement consulter et modifier ces informations.<\/p>\n<!-- \/wp:paragraph --><!-- wp:heading -->\n<h2>Quels sont les droits que vous conf\u00e8rent vos propres donn\u00e9es ?<\/h2>\n<!-- \/wp:heading --><!-- wp:paragraph -->\n<p>Si vous avez un compte sur ce site web ou si vous avez publi\u00e9 des commentaires, vous pouvez demander un fichier d'exportation des donn\u00e9es personnelles que nous d\u00e9tenons \u00e0 votre sujet, y compris toutes les donn\u00e9es que vous nous avez fournies. Vous pouvez \u00e9galement nous demander de supprimer les donn\u00e9es personnelles que nous d\u00e9tenons \u00e0 votre sujet. Cela n'inclut pas les donn\u00e9es que nous sommes tenus de conserver \u00e0 des fins administratives, juridiques ou de s\u00e9curit\u00e9.<\/p>\n<!-- \/wp:paragraph --><!-- wp:heading -->\n<h2>O\u00f9 nous envoyons vos donn\u00e9es<\/h2>\n<!-- \/wp:heading --><!-- wp:paragraph -->\n<p>Les commentaires des visiteurs peuvent \u00eatre contr\u00f4l\u00e9s par un service automatis\u00e9 de d\u00e9tection des spams.<\/p>\n<!-- \/wp:paragraph --><!-- wp:heading --><!-- \/wp:heading -->\t\t\t\t\t\t<\/div>\n\t\t\t\t<\/div>\n\t\t\t\t\t<\/div>\n\t\t<\/div>\n\t\t\t\t\t<\/div>\n\t\t<\/section>\n\t\t\t\t<\/div>","protected":false},"excerpt":{"rendered":"<p>Qui sommes-nous L'adresse de notre site web est : https:\/\/www.grillmoments.be KidsmomentsIjsbergstraat 21703 Dilbeek (Schepdaal) BE 0539.873.294 Quelles sont les donn\u00e9es personnelles que nous collectons et pourquoi nous le faisons R\u00e9actions Lorsque les visiteurs laissent des commentaires sur le site, nous collectons les donn\u00e9es figurant dans le formulaire de commentaire, l'adresse IP du visiteur et l'agent utilisateur du navigateur pour...<\/p>","protected":false},"author":2,"featured_media":0,"parent":0,"menu_order":0,"comment_status":"closed","ping_status":"closed","template":"","meta":{"_monsterinsights_skip_tracking":false,"_monsterinsights_sitenote_active":false,"_monsterinsights_sitenote_note":"","_monsterinsights_sitenote_category":0,"footnotes":""},"class_list":["post-3","page","type-page","status-publish","hentry"],"_links":{"self":[{"href":"https:\/\/www.grillmoments.be\/fr\/wp-json\/wp\/v2\/pages\/3","targetHints":{"allow":["GET"]}}],"collection":[{"href":"https:\/\/www.grillmoments.be\/fr\/wp-json\/wp\/v2\/pages"}],"about":[{"href":"https:\/\/www.grillmoments.be\/fr\/wp-json\/wp\/v2\/types\/page"}],"author":[{"embeddable":true,"href":"https:\/\/www.grillmoments.be\/fr\/wp-json\/wp\/v2\/users\/2"}],"replies":[{"embeddable":true,"href":"https:\/\/www.grillmoments.be\/fr\/wp-json\/wp\/v2\/comments?post=3"}],"version-history":[{"count":0,"href":"https:\/\/www.grillmoments.be\/fr\/wp-json\/wp\/v2\/pages\/3\/revisions"}],"wp:attachment":[{"href":"https:\/\/www.grillmoments.be\/fr\/wp-json\/wp\/v2\/media?parent=3"}],"curies":[{"name":"wp","href":"https:\/\/api.w.org\/{rel}","templated":true}]}}