{"id":2,"date":"2019-07-04T15:10:21","date_gmt":"2019-07-04T13:10:21","guid":{"rendered":"https:\/\/www.tmuizeke.be\/1.7\/grillmoments\/?page_id=2"},"modified":"2022-05-31T22:42:06","modified_gmt":"2022-05-31T20:42:06","slug":"voorwaarden","status":"publish","type":"page","link":"https:\/\/www.grillmoments.be\/fr\/voorwaarden\/","title":{"rendered":"Conditions"},"content":{"rendered":"<div data-elementor-type=\"wp-page\" data-elementor-id=\"2\" class=\"elementor elementor-2\">\n\t\t\t\t\t\t<section class=\"elementor-section elementor-top-section elementor-element elementor-element-4ebee9d8 elementor-section-boxed elementor-section-height-default elementor-section-height-default\" data-id=\"4ebee9d8\" data-element_type=\"section\">\n\t\t\t\t\t\t<div class=\"elementor-container elementor-column-gap-default\">\n\t\t\t\t\t<div class=\"elementor-column elementor-col-100 elementor-top-column elementor-element elementor-element-20dbb8cb\" data-id=\"20dbb8cb\" data-element_type=\"column\">\n\t\t\t<div class=\"elementor-widget-wrap elementor-element-populated\">\n\t\t\t\t\t\t<div class=\"elementor-element elementor-element-5686af7e elementor-widget elementor-widget-text-editor\" data-id=\"5686af7e\" data-element_type=\"widget\" data-widget_type=\"text-editor.default\">\n\t\t\t\t<div class=\"elementor-widget-container\">\n\t\t\t\t\t\t\t<!-- wp:paragraph -->\n<p><strong>1. COORDONN\u00c9ES\u00a0<\/strong><\/p>\n<p>Moments d'enfance<\/p>\n<p>Ijsbergstraat 2<br \/>1703 Dilbeek (Schepdaal)<\/p>\n<p>BE 0539.873.294<\/p>\n<p>Ci-apr\u00e8s d\u00e9nomm\u00e9 \"Grillmoments\".<\/p>\n<p><strong>2. CONTENU ET CADRE DE L'ACCORD<\/strong><\/p>\n<p>\u00a71 Les pr\u00e9sentes conditions g\u00e9n\u00e9rales s'appliquent \u00e0 toute offre de Grillmoments et \u00e0 tout contrat \u00e0 distance conclu entre le client et Grillmoments, via le site web www.Grillmoments.be, les sites web connexes o\u00f9 les produits et services de Grillmoments peuvent \u00eatre achet\u00e9s ou par t\u00e9l\u00e9phone (ci-apr\u00e8s d\u00e9nomm\u00e9s \"vente \u00e0 distance\"). Ce contrat peut consister en l'achat de produits et\/ou la r\u00e9servation de services.<\/p>\n<p>\u00a72 Les pr\u00e9sentes conditions g\u00e9n\u00e9rales pr\u00e9valent sur les \u00e9ventuelles conditions g\u00e9n\u00e9rales d'achat du client, dont l'application est explicitement exclue.<\/p>\n<p>\u00a73 Le Client peut prendre connaissance des conditions g\u00e9n\u00e9rales en cliquant sur le lien sur le site www.Grillmoments.be ou dans les \u00e9crans de r\u00e9servation et de commande. Les pr\u00e9sentes conditions g\u00e9n\u00e9rales sont mises \u00e0 disposition sur un support durable (pdf), qui peut \u00eatre sauvegard\u00e9 et\/ou imprim\u00e9 tel quel par le Client, de mani\u00e8re \u00e0 ce qu'il puisse les consulter facilement par la suite. Par ailleurs, lors du processus d'achat, il est explicitement demand\u00e9 au Client de reconna\u00eetre qu'il a pris connaissance des conditions g\u00e9n\u00e9rales et qu'il les accepte sans r\u00e9serve. Il le fait en cochant la case pr\u00e9vue \u00e0 cet effet.<\/p>\n<p>\u00a74 En cas de vente \u00e0 distance par t\u00e9l\u00e9phone, les pr\u00e9sentes conditions g\u00e9n\u00e9rales sont envoy\u00e9es sous forme de lien dans l'e-mail de confirmation.<\/p>\n<p><strong>3. PRIX ET FORMATION DE L'ACCORD<\/strong><\/p>\n<p>\u00a71 Le processus d'achat est lanc\u00e9 d\u00e8s que le client confirme une r\u00e9servation et\/ou place des produits dans le panier de la boutique en ligne. Le contrat prend effet \u00e0 partir du moment o\u00f9 le client coche l'acceptation des pr\u00e9sentes conditions g\u00e9n\u00e9rales et confirme d\u00e9finitivement sa commande et\/ou sa r\u00e9servation.<\/p>\n<p>\u00a72 Les produits et services que le Client peut acheter sur Internet sont d\u00e9crits de mani\u00e8re suffisamment d\u00e9taill\u00e9e, soit dans la boutique en ligne elle-m\u00eame, soit sur www.Grillmoments.be, pour permettre au Client d'\u00e9valuer correctement le produit ou le service. Si le Client n'est pas s\u00fbr du contenu du service ou du produit qu'il souhaite acheter sur Internet, il lui appartient d'obtenir des informations suppl\u00e9mentaires \u00e0 ce sujet aupr\u00e8s de Grillmoments avant de proc\u00e9der \u00e0 l'achat.<\/p>\n<p>\u00a73 Les prix affich\u00e9s sur le site www.Grillmoments.be le sont avec le plus grand soin. Toutefois, d'\u00e9ventuelles erreurs dans ces prix n'engagent pas Grillmoments tant que la vente \u00e0 distance n'est pas conclue. Une fois la vente \u00e0 distance conclue, les prix indiqu\u00e9s dans l'aper\u00e7u de la commande s'appliquent. Toutes les offres sont valables dans la limite des stocks disponibles.<\/p>\n<p>\u00a74 Le prix de l'offre n'est pas n\u00e9cessairement un prix tout compris. Les consommations ou options peuvent \u00eatre consomm\u00e9es en plus sur place par le Client et seront alors factur\u00e9es aux prix habituels.<\/p>\n<p><strong>4. D\u00c9LAI DE R\u00c9FLEXION ET DROIT DE R\u00c9TRACTATION<\/strong><\/p>\n<p>\u00a71 Le client, personne physique, a le droit, en cas d'achat pour un usage non professionnel, de notifier \u00e0 la soci\u00e9t\u00e9 qu'il renonce \u00e0 l'achat, sans paiement de p\u00e9nalit\u00e9 et sans indication de motif, dans un d\u00e9lai de quatorze jours calendrier \u00e0 compter du lendemain du jour de la livraison du bien ou de la conclusion du contrat de service, dans la mesure o\u00f9 la loi l'y autorise. Dans ce cas, le client ne devra payer que les frais directs de renvoi des biens.<\/p>\n<p>\u00a72 Dans les cas suivants, le client n'a pas le droit de renoncer \u00e0 l'achat :<\/p>\n<ul>\n<li>Les services dont l'ex\u00e9cution a commenc\u00e9 avec l'accord du client avant la fin du d\u00e9lai de r\u00e9flexion.<\/li>\n<li>Biens fabriqu\u00e9s selon les sp\u00e9cifications du consommateur ou \u00e0 caract\u00e8re personnel.<\/li>\n<li>Les marchandises qui, de par leur nature, ne peuvent \u00eatre retourn\u00e9es.<\/li>\n<li>Les marchandises qui risquent de s'ab\u00eemer ou de vieillir trop vite.<\/li>\n<\/ul>\n<p>Plus pr\u00e9cis\u00e9ment, lors d'un achat \u00e0 distance aupr\u00e8s de Grillmoments, <strong>le client n'a pas le droit de renoncer \u00e0 l'achat<\/strong>\u00a0dans les cas suivants :<\/p>\n<p>- Le Client effectue la r\u00e9servation ou passe la commande en qualit\u00e9 de Commer\u00e7ant ou \u00e0 titre professionnel.<\/p>\n<p>- Le Client ach\u00e8te un bon cadeau et celui-ci a d\u00e9j\u00e0 \u00e9t\u00e9 utilis\u00e9 au moment o\u00f9 le Client souhaite faire valoir son droit de r\u00e9tractation.<\/p>\n<p>- Les marchandises livr\u00e9es contiennent des produits alimentaires.<\/p>\n<p>- Le client commande\/r\u00e9serve un service moins de 14 jours calendaires \u00e0 l'avance.<\/p>\n<p>\u00a73 Si le client souhaite exercer son droit de r\u00e9tractation, il doit notifier sa demande par \u00e9crit dans le d\u00e9lai de r\u00e9tractation<\/p>\n<!-- \/wp:paragraph -->\t\t\t\t\t\t<\/div>\n\t\t\t\t<\/div>\n\t\t\t\t\t<\/div>\n\t\t<\/div>\n\t\t\t\t\t<\/div>\n\t\t<\/section>\n\t\t\t\t<\/div>","protected":false},"excerpt":{"rendered":"<p>1. DONN\u00c9ES DE CONTACT Kidsmoments Ijsbergstraat 21703 Dilbeek (Schepdaal) BE 0539.873.294 Ci-apr\u00e8s d\u00e9nomm\u00e9 \"Grillmoments\". 2. CONTENU ET CADRE DU CONTRAT \u00a71 Les pr\u00e9sentes conditions g\u00e9n\u00e9rales s'appliquent \u00e0 toute offre de Grillmoments et \u00e0 tout contrat \u00e0 distance conclu entre le Client et Grillmoments, via le site web www.Grillmoments.be, les sites web connexes o\u00f9 les produits et services de Grillmoments...<\/p>","protected":false},"author":2,"featured_media":0,"parent":0,"menu_order":0,"comment_status":"closed","ping_status":"closed","template":"","meta":{"_monsterinsights_skip_tracking":false,"_monsterinsights_sitenote_active":false,"_monsterinsights_sitenote_note":"","_monsterinsights_sitenote_category":0,"footnotes":""},"class_list":["post-2","page","type-page","status-publish","hentry"],"_links":{"self":[{"href":"https:\/\/www.grillmoments.be\/fr\/wp-json\/wp\/v2\/pages\/2","targetHints":{"allow":["GET"]}}],"collection":[{"href":"https:\/\/www.grillmoments.be\/fr\/wp-json\/wp\/v2\/pages"}],"about":[{"href":"https:\/\/www.grillmoments.be\/fr\/wp-json\/wp\/v2\/types\/page"}],"author":[{"embeddable":true,"href":"https:\/\/www.grillmoments.be\/fr\/wp-json\/wp\/v2\/users\/2"}],"replies":[{"embeddable":true,"href":"https:\/\/www.grillmoments.be\/fr\/wp-json\/wp\/v2\/comments?post=2"}],"version-history":[{"count":0,"href":"https:\/\/www.grillmoments.be\/fr\/wp-json\/wp\/v2\/pages\/2\/revisions"}],"wp:attachment":[{"href":"https:\/\/www.grillmoments.be\/fr\/wp-json\/wp\/v2\/media?parent=2"}],"curies":[{"name":"wp","href":"https:\/\/api.w.org\/{rel}","templated":true}]}}